{"id":3227,"date":"2018-10-25T21:55:09","date_gmt":"2018-10-25T19:55:09","guid":{"rendered":"http:\/\/www.operabasketclub.it\/?page_id=3227"},"modified":"2019-02-15T16:59:40","modified_gmt":"2019-02-15T15:59:40","slug":"regolamento-organico","status":"publish","type":"page","link":"http:\/\/www.operabasketclub.it\/?page_id=3227","title":{"rendered":"Regolamento organico"},"content":{"rendered":"<p>Opera Basket Club a.s.d.<\/p>\n<p>Associazione Sportiva Dilettantistica<\/p>\n<p>Via Diaz, 18<\/p>\n<p>20090 Opera (MI)<\/p>\n<p>C.F \u2013 P.IVA 09889610151<\/p>\n<p>Reg. Nazionale Coni cod. 39919<\/p>\n<p>Affiliata F.I.P. cod. 000809<\/p>\n<p>&nbsp;<\/p>\n<p>In ottemperanza a quanto stabilito dall\u2019Art. 16 al punto \u201cL\u201d dello Statuto Sociale (con atto del 27\/11\/2009), registrato all\u2019Agenzia delle Entrate Ufficio di Lodi al n. 3025 serie 3 in conformit\u00e0 alla normativa EAS in data 19-11-2012 viene modificato il seguente Regolamento Organico :<\/p>\n<p>Regolamento organico dell\u2019Associazione<\/p>\n<p>Opera Basket Club A.S.D.<\/p>\n<p>Art. 1 &#8211; Iscrizione all\u2019Associazione.<\/p>\n<p>Le iscrizioni dei giocatori alla Societ\u00e0 sono aperte dal 1\u00b0 luglio al 31 Ottobre di ogni anno. Esse vengono redatte sull\u2019apposito modulo e inoltrate al Consiglio Direttivo che deliberer\u00e0 secondo quanto previsto dall\u2019Art. 8 dello Statuto Sociale. Oltre tale data saranno accettate solo iscrizioni a completamento di organico e dopo aver sentito il parere dell\u2019Allenatore e del Direttore Tecnico.<\/p>\n<p>Art. 2 &#8211; Quote Sociali<\/p>\n<p>Le quote sociali verranno fissate annualmente dal Consiglio Direttivo a seconda della categoria di appartenenza. Le quote dovranno essere versate all\u2019 atto dell\u2019iscrizione.<\/p>\n<p>Art. 3 \u2013 Giocatori morosi<\/p>\n<p>Trascorsi 30 gg. dal 31 Ottobre al giocatore inadempiente verr\u00e0 inviato un sollecito da parte del cassiere. Se entro 20 gg. da questo richiamo il giocatore non regolarizzer\u00e0 la sua posizione, il cassiere informer\u00e0 il Consiglio Direttivo che prender\u00e0 opportuni provvedimenti. Per gli altri vale l\u2019anno solare all\u2019atto dell\u2019iscrizione.<\/p>\n<p>Art. 4 &#8211; Attivit\u00e0 sportiva<\/p>\n<p>L\u2019attivit\u00e0 sportiva viene fissata dal Consiglio Direttivo che deve provvedere a :<\/p>\n<p>&#8211; Iscrivere le varie squadre ai campionati di categoria;<\/p>\n<p>&#8211; Nominare l\u2019Allenatore, l\u2019eventuale Vice Allenatore, il Dirigente Accompagnatore di ogni squadra;<\/p>\n<p>&#8211; Stabilire il numero delle squadre da iscrivere ai diversi campionati. tenendo presente che ogni<\/p>\n<p>squadra, per poter essere gestita. \u00e8 consigliabile abbia un organico massimo di 15 giocatori.<\/p>\n<p>Art. 5 &#8211; Attivit\u00e0 promozionali<\/p>\n<p>L\u2019Associazione per promuovere la pratica della pallacanestro e per diffondere la propria immagine divulgher\u00e0, come meglio riterr\u00e0 possibile, qualsiasi testo promozionale e o pubblicitario necessario.<\/p>\n<p>Art. 6 &#8211; Diritti dei giocatori<\/p>\n<p>I Giocatori hanno il diritto di:<\/p>\n<p>&#8211; Informarsi sul andamento della Societ\u00e0;<\/p>\n<p>&#8211; Partecipare a tutte le attivit\u00e0 extra sportive promosse dalla Societ\u00e0.<\/p>\n<p>Inoltre iI giocatore ha anche i seguenti specifici diritti:<\/p>\n<p>&#8211; Partecipare a tutti gli allenamenti;<\/p>\n<p>&#8211; Essere convocato, mediante rotazione con gli altri atleti, per le partite di campionato, di tornei e\u00a0amichevoli, secondo un equo criterio stabilito dal allenatore che tenga conto di frequenza agli\u00a0allenamenti, impegno profuso, buon comportamento e capacit\u00e0 tecniche.<\/p>\n<p>Art. 7 &#8211; Doveri dei giocatori<\/p>\n<p>Il giocatore ha il dovere di:<\/p>\n<p>&#8211; Tenere in ogni occasione un comportamento corretto; sia assistendo alle manifestazioni e alle\u00a0competizioni, sia nei rapporti con terzi, per non provocare turbative e danni alla Societ\u00e0, agli atleti e ai direttori di gara;<\/p>\n<p>&#8211; Rendersi disponibile per i servizi necessari all\u2019organizzazione delle manifestazioni e delle iniziative societarie;<\/p>\n<p>&#8211; Osservare i Regolamenti e i vincoli sociali delle Federazioni cui la Societ\u00e0 aderisce, e degli altri Enti<\/p>\n<p>presso i quali la Societ\u00e0 si appoggia per svolgere la propria attivit\u00e0.<\/p>\n<p>In particolare il giocatore:<\/p>\n<p>&#8211; Non potr\u00e0 partecipare all\u2019attivit\u00e0 sportiva e agli allenamenti senza il certificato medico di idoneit\u00e0\u00a0all\u2019attivit\u00e0 sportiva in corso di validit\u00e0, come prescritto dalle vigenti norme per la tutela sanitaria.<\/p>\n<p>&#8211; Riconoscere e rispettare l\u2019autorit\u00e0 dell\u2019Allenatore, del Vice e del Dirigente Accompagnatore:<\/p>\n<p>&#8211; Rispettare i colleghi, gli ufficiali di gara, gli avversari e il pubblico;<\/p>\n<p>&#8211; Garantire il corretto uso del corredo avuto in dotazione. rifondendo la Societ\u00e0 di eventuali danni per smarrimenti e deterioramenti per incuria; questo vale anche per le attrezzature a disposizione;<\/p>\n<p>&#8211; Frequentare con assiduit\u00e0 gli allenamenti, impegnandosi a seguire le istruzioni dell\u2019allenatore:<\/p>\n<p>&#8211; Giustificare tempestivamente al diretto responsabile dell\u2019iniziativa qualsiasi impedimento personale che ostacoli o impedisca la sua partecipazione.<\/p>\n<p>Art. 8 &#8211; Rinnovi e vincoli<\/p>\n<p>Tutti i dirigenti e i giocatori Obc sono tesserati alla FIP (Federazione Italiana Pallacanestro) oltre eventualmente anche ad altri Comitati Sportivi Regionali. Questo tesseramento, indispensabile per svolgere l\u2019attivit\u00e0 sportiva, comporta l\u2019adesione ai Regolamenti federali e il vincolo sportivo aIl\u2019Obc.<\/p>\n<p>Al termine di ogni stagione sportiva il rinnovo del vincolo \u00e8 automatico, salvo contrarie decisioni della Societ\u00e0.<\/p>\n<p>Il tesserato Obc\/Fip non potr\u00e0 partecipare all\u2019attivit\u00e0 ufficiale come giocatore, allenatore o dirigente per nessun\u2019altra Societ\u00e0 di pallacanestro, nemmeno laddove sia consentito dai Regolamenti federali. senza il preventivo nulla-osta rilasciato dal Presidente dell\u2019Associazione,<\/p>\n<p>Il nulla-osta, che scade tacitamente al termine della stagione sportiva per la quale \u00e8 stato richiesto, non modifica in alcun modo i doveri del Giocatore con l\u2019Obc e con la Fip.<\/p>\n<p>Anche l\u2019abbandono dell\u2019attivit\u00e0 agonistica non svincola il giocatore dalI\u2019Obc.<\/p>\n<p>La richiesta di svincolo dalI\u2019Obc, o di trasferimento per cessione o prestito ad altra Societ\u00e0, dovr\u00e0 essere richiesta dall\u2019interessato al Presidente. La richiesta sar\u00e0 valutata in seno al Consiglio Direttivo della Societ\u00e0.<\/p>\n<p>Ogni dirigente e ogni giocatore costituiscono, tutti insieme, il capitale dell\u2019Associazione. Essi rappresentano per la Societ\u00e0:<\/p>\n<p>&#8211; un \u2018valore collettivo\u2019, percentualmente proporzionale all\u2019investimento che la Societ\u00e0 ha prodotto nel corso del tempo per curare la formazione e la crescita dell\u2019esperienza di tutto l\u2019organico (giocatori, allenatori, dirigenti, collaboratori);<\/p>\n<p>&#8211; un \u2018valore individuale\u2019 costituito dalle personali capacit\u00e0 tecniche e morali acquisite, sviluppate e perfezionate nel periodo di tempo in cui ha operato in Associazione.<\/p>\n<p>Al Consiglio Direttivo \u00e8 demandato il dovere di difendere e valorizzare questo capitale che gli \u00e8 stato affidato. Soprattutto, tenendo conto di ci\u00f2 nella valutazione di un giocatore in caso di svincolo dall\u2019Obc o di trasferimento, per prestito o cessione, a favore di altra Societ\u00e0.<\/p>\n<p>Un giocatore \u2018in prestito\u2019 presso altra Societ\u00e0 \u00e8 ugualmente tenuto al pagamento della quota annuale Obc per la stagione in corso qualora dalla transazione non scaturiscano maggiori interessi per l\u2019Obc.<\/p>\n<p>Prima di lasciare la Societ\u00e0 il giocatore dovr\u00e0 riconsegnare tutto il corredo avuto in dotazione.<\/p>\n<p>Il giocatore che, abbandonata la Societ\u00e0 senza nullaosta, desideri rientrare dovr\u00e0 farne richiesta al Consiglio Direttivo che per riammetterlo vaglier\u00e0 la sua posizione precedente.<\/p>\n<p>Art. 9 &#8211; Funzioni deII\u2019Allenatore<\/p>\n<p>L\u2019Allenatore e l\u2019eventuale suo Vice sono i responsabili della squadra che viene loro affidata annualmente.<\/p>\n<p>A loro sono demandati:<\/p>\n<p>&#8211; La conduzione tecnica, in armonia con le direttive del Responsabile Tecnico Obc:<\/p>\n<p>&#8211; La compilazione periodica del rapportino presenze giocatori e delle ore palestra utilizzate;<\/p>\n<p>&#8211; La verifica che ogni atleta, prima di iniziare l\u2019attivit\u00e0 sportiva sia in possesso dell\u2019idoneit\u00e0 medica in\u00a0corso di validit\u00e0 e di copertura assicurativa ;<\/p>\n<p>&#8211; L\u2019impegno di partecipare a tutte le riunioni indette dalla Direzione Tecnica;<\/p>\n<p>&#8211; Il compito di avvertire, entro il giorno successivo, il responsabile assicurativo degli infortuni occorsi ai\u00a0propri giocatori durante gli allenamenti, le gare o i trasferimenti per recarsi a giocare;<\/p>\n<p>&#8211; La responsabilit\u00e0 di applicare le sanzioni disciplinari in cui sono incorsi membri del proprio gruppo;<\/p>\n<p>&#8211; L\u2019autorit\u00e0 di prendere le prime misure disciplinari nei confronti di chi: si comporti in modo scorretto\u00a0durante gli allenamenti o le partite;<\/p>\n<p>A loro sono richiesti:<\/p>\n<p>&#8211; Dimostrare sufficiente impegno ;<\/p>\n<p>&#8211; Tenere un comportamento riguardoso verso gli atleti a lui affidati;<\/p>\n<p>&#8211; Frequentare con sufficiente regolarit\u00e0 gli orari degli allenamenti e\/o delle partite;<\/p>\n<p>&#8211; Coinvolgere, nelle scelte e nelle responsabilit\u00e0 i suoi superiori: il Dirigente Accompagnatore e\/o il\u00a0Consigliere e\/o il Presidente.<\/p>\n<p>Art. 10 &#8211; Funzioni del Dirigente Accompagnatore<\/p>\n<p>Il Dirigente Accompagnatore di squadra deve:<\/p>\n<p>&#8211; Occuparsi di tutti i problemi amministrativi e burocratici tra la Societ\u00e0 e i Giocatori;<\/p>\n<p>&#8211; Coadiuvare l\u2019Allenatore nel organizzazione logistica;<\/p>\n<p>&#8211; Collaborare con le specifiche richieste dell\u2019Allenatore;<\/p>\n<p>&#8211; Contribuire, su invito dell\u2019Allenatore, a risolvere le controversie e\/o a sedare gli animi degli atleti in<\/p>\n<p>campo e in panchina;<\/p>\n<p>&#8211; Intervenire nelle contestazioni con competenza e moderazione;<\/p>\n<p>&#8211; Assicurare un leale rapporto costruttivo, sia in Societ\u00e0 che verso esterno;<\/p>\n<p>&#8211; Informare il Consiglio Direttivo, previo accordo con l\u2019Allenatore, sull\u2019andamento generale del gruppo e\u00a0su eventuali specifiche problematiche.<\/p>\n<p>Art. 11 &#8211; Provvedimenti disciplinari<\/p>\n<p>Il metro con cui il Consiglio Direttivo dovr\u00e0 valutare le eventuali doverose sanzioni disciplinari sar\u00e0 preminentemente quello educativo. Qualora si trascendesse dai limiti di un comportamento civile si suggerisce la seguente scaletta di sanzioni:<\/p>\n<p>&#8211; Richiamo verbale:<\/p>\n<p>&#8211; Diffida scritta (indirizzata ai genitori, se minore);<\/p>\n<p>&#8211; Radiazione dall\u2019Associazione.<\/p>\n<p>Approvazione del testo originale &#8211; Opera, 6 giugno 1986. Per il Consiglio Direttivo Obc:<\/p>\n<p>il Presidente il Segretario<\/p>\n<p>E. Armanini F. Bertelli<\/p>\n<p>&nbsp;<\/p>\n<p>Rev.1) Modifica degli Articc. 7 e 8; aggiornamento degli Articc. 9 e 10 &#8211; Il Consiglio Direttivo Obc: Opera, 10 settembre 1995.<\/p>\n<p>il Presidente il Segretario<\/p>\n<p>A. Anelli E. Armanini<\/p>\n<p>&nbsp;<\/p>\n<p>Rev.2) Approvazione della Modifica n\u00b0 2: Articc. 24 e 30 &#8211; Opera, 20 giugno 2001. Per il Consiglio Direttivo Obc:<\/p>\n<p>il Presidente il Segretario<\/p>\n<p>A. Anelli E. Armanini<\/p>\n<p>&nbsp;<\/p>\n<p>Rev.3) Approvazione della Modifica n\u00b0 3: Articc. 1 \/ 3 \/ 8 \/ 11 &#8211; Opera, 20 luglio 2007. Per il Consiglio Direttivo Obc:<\/p>\n<p>il Presidente il Segretario<\/p>\n<p>A. Anelli S.Bozzini<\/p>\n<p>&nbsp;<\/p>\n<p>Rev.4) Approvazione della Modifica n\u00b0 4 Artic. 6 &#8211; Opera, 19 novembre 2012. Per il Consiglio Direttivo Obc:<\/p>\n<p>il Presidente il Segretario<\/p>\n<p>D.Baroni S.Pozzi<\/p>\n<p>&nbsp;<\/p>\n<p>Rev.5) Approvazione della Modifica del testo del Regolamento &#8211; Opera, 01- luglio- 2015. Per il Consiglio Direttivo :<\/p>\n<p>il Presidente il Segretario<\/p>\n<p>D.Baroni S.Pozzi<\/p>\n<p>&nbsp;<\/p>\n","protected":false},"excerpt":{"rendered":"<p>Opera Basket Club a.s.d. Associazione Sportiva Dilettantistica Via Diaz, 18 20090 Opera (MI) C.F \u2013 P.IVA 09889610151 Reg. Nazionale Coni cod. 39919 Affiliata F.I.P. cod. 000809 &nbsp; In ottemperanza a quanto stabilito dall\u2019Art. 16 al punto \u201cL\u201d dello Statuto Sociale &hellip; <a href=\"http:\/\/www.operabasketclub.it\/?page_id=3227\">Continua a leggere <span class=\"meta-nav\">&rarr;<\/span><\/a><\/p>\n","protected":false},"author":1,"featured_media":0,"parent":0,"menu_order":0,"comment_status":"closed","ping_status":"closed","template":"","meta":{"footnotes":""},"class_list":["post-3227","page","type-page","status-publish","hentry"],"_links":{"self":[{"href":"http:\/\/www.operabasketclub.it\/index.php?rest_route=\/wp\/v2\/pages\/3227","targetHints":{"allow":["GET"]}}],"collection":[{"href":"http:\/\/www.operabasketclub.it\/index.php?rest_route=\/wp\/v2\/pages"}],"about":[{"href":"http:\/\/www.operabasketclub.it\/index.php?rest_route=\/wp\/v2\/types\/page"}],"author":[{"embeddable":true,"href":"http:\/\/www.operabasketclub.it\/index.php?rest_route=\/wp\/v2\/users\/1"}],"replies":[{"embeddable":true,"href":"http:\/\/www.operabasketclub.it\/index.php?rest_route=%2Fwp%2Fv2%2Fcomments&post=3227"}],"version-history":[{"count":8,"href":"http:\/\/www.operabasketclub.it\/index.php?rest_route=\/wp\/v2\/pages\/3227\/revisions"}],"predecessor-version":[{"id":3424,"href":"http:\/\/www.operabasketclub.it\/index.php?rest_route=\/wp\/v2\/pages\/3227\/revisions\/3424"}],"wp:attachment":[{"href":"http:\/\/www.operabasketclub.it\/index.php?rest_route=%2Fwp%2Fv2%2Fmedia&parent=3227"}],"curies":[{"name":"wp","href":"https:\/\/api.w.org\/{rel}","templated":true}]}}